{"id":85,"date":"2023-10-03T23:04:34","date_gmt":"2023-10-03T21:04:34","guid":{"rendered":"https:\/\/pixostudio.com\/?page_id=85"},"modified":"2023-12-12T22:35:56","modified_gmt":"2023-12-12T21:35:56","slug":"contacto-edtech","status":"publish","type":"page","link":"https:\/\/pixostudio.com\/index.php\/contacto-edtech\/","title":{"rendered":"Contacto Edtech"},"content":{"rendered":"\n<div class=\"wp-block-uagb-container uagb-block-2f77c1c7 alignfull uagb-is-root-container\"><div class=\"uagb-container-inner-blocks-wrap\">\n<div class=\"wp-block-uagb-container uagb-block-73d53f47\">\n<div class=\"wp-block-uagb-info-box uagb-block-9df9c2ed uagb-infobox__content-wrap  uagb-infobox-icon-above-title uagb-infobox-image-valign-top\"><div class=\"uagb-ifb-content\"><div class=\"uagb-ifb-title-wrap\"><h1 class=\"uagb-ifb-title\">\ud83c\udf1f&nbsp;<strong>\u00a1Descubre la magia de nuestra soluci\u00f3n edtech!<\/strong>&nbsp;\ud83c\udf1f<\/h1><\/div><p class=\"uagb-ifb-desc\">Estamos realmente emocionados de que est\u00e9s interesad@ en PIXO y todo lo que tenemos para ofrecer para maximizar tu estrategia empresarial. Nuestro objetivo es proporcionarte una experiencia de aprendizaje transformadora que te ayudar\u00e1 a llevar tu negocio al siguiente nivel, as\u00ed podr\u00e1s experimentar todo lo que PIXO tiene para ofrecer, te ofrecemos un demo gratuito exclusivo. Este demo te permitir\u00e1 explorar todas nuestras funciones y caracter\u00edsticas, y te dar\u00e1 una visi\u00f3n clara de c\u00f3mo PIXO puede beneficiar a tu empresa. <br><br>Queremos que des el primer paso hacia una experiencia de aprendizaje edtech (formaci\u00f3n organizacional) verdaderamente transformadora y exitosa. As\u00ed que, por favor, d\u00e9jame tus datos a continuaci\u00f3n para que pueda ayudarte a obtener acceso exclusivo a nuestro demo gratuito. <br><br>No pierdas esta oportunidad de descubrir c\u00f3mo PIXO puede mejorar tu estrategia empresarial y llevarte al \u00e9xito. Estoy aqu\u00ed para responder a cualquier pregunta que puedas tener y asegurarnos de que tengas la mejor experiencia posible con PIXO. \u00a1Esperamos tus datos para poder ayudarte!<br><\/p><\/div><\/div>\n\n\n\n<div class=\"wp-block-uagb-container uagb-block-11e8ab28\">\n<div class=\"wp-block-uagb-info-box uagb-block-c6d7524f uagb-infobox__content-wrap  uagb-infobox-icon-left uagb-infobox-left uagb-infobox-stacked-mobile uagb-infobox-image-valign-middle\"><div class=\"uagb-ifb-icon-wrap\"><svg xmlns=\"https:\/\/www.w3.org\/2000\/svg\" viewBox=\"0 0 512 512\"><path d=\"M464 64C490.5 64 512 85.49 512 112C512 127.1 504.9 141.3 492.8 150.4L275.2 313.6C263.8 322.1 248.2 322.1 236.8 313.6L19.2 150.4C7.113 141.3 0 127.1 0 112C0 85.49 21.49 64 48 64H464zM217.6 339.2C240.4 356.3 271.6 356.3 294.4 339.2L512 176V384C512 419.3 483.3 448 448 448H64C28.65 448 0 419.3 0 384V176L217.6 339.2z\"><\/path><\/svg><\/div><div class=\"uagb-ifb-content\"><div class=\"uagb-ifb-title-wrap\"><h6 class=\"uagb-ifb-title\">Hablemos DE FORMACI\u00d3N<\/h6><\/div><p class=\"uagb-ifb-desc\"><a href=\"mailto:corporate@pixostudio.com\">corporate@pixostudio.com<\/a><\/p><\/div><\/div>\n<\/div>\n<\/div>\n\n\n\n<div class=\"wp-block-uagb-container uagb-block-60a3d282\">\n<div class=\"wp-block-leadin-hubspot-form-block\">\n\t\t\t\t\t\t<script>\n\t\t\t\t\t\t\twindow.hsFormsOnReady = window.hsFormsOnReady || [];\n\t\t\t\t\t\t\twindow.hsFormsOnReady.push(()=>{\n\t\t\t\t\t\t\t\thbspt.forms.create({\n\t\t\t\t\t\t\t\t\tportalId: 20935919,\n\t\t\t\t\t\t\t\t\tformId: \"c3ba8dd5-5ef8-43e5-94b9-571f6a69089f\",\n\t\t\t\t\t\t\t\t\ttarget: \"#hbspt-form-1778749160000-7044881688\",\n\t\t\t\t\t\t\t\t\tregion: \"na1\",\n\t\t\t\t\t\t\t\t\t\n\t\t\t\t\t\t\t})});\n\t\t\t\t\t\t<\/script>\n\t\t\t\t\t\t<div class=\"hbspt-form\" id=\"hbspt-form-1778749160000-7044881688\"><\/div><\/div>\n<\/div>\n<\/div><\/div>\n\n\n\n<div class=\"wp-block-uagb-image uagb-block-17241a47 wp-block-uagb-image--layout-default wp-block-uagb-image--effect-static wp-block-uagb-image--align-none\"><figure class=\"wp-block-uagb-image__figure\"><img loading=\"lazy\" decoding=\"async\" srcset=\"https:\/\/pixostudio.com\/wp-content\/uploads\/2023\/12\/ingredientes-5.jpg ,https:\/\/pixostudio.com\/wp-content\/uploads\/2023\/12\/ingredientes-5.jpg 780w, https:\/\/pixostudio.com\/wp-content\/uploads\/2023\/12\/ingredientes-5.jpg 360w\" sizes=\"auto, (max-width: 480px) 150px\" src=\"https:\/\/pixostudio.com\/wp-content\/uploads\/2023\/12\/ingredientes-5.jpg\" alt=\"Edtech\" class=\"uag-image-286\" width=\"760\" height=\"331\" title=\"\" loading=\"lazy\"\/><\/figure><\/div>\n\n\n\n<div class=\"wp-block-uagb-info-box uagb-block-c0c0e5ca uagb-infobox__content-wrap  uagb-infobox-icon-above-title uagb-infobox-image-valign-top\"><div class=\"uagb-ifb-content\"><div class=\"uagb-ifb-icon-wrap\"><svg xmlns=\"https:\/\/www.w3.org\/2000\/svg\" viewBox=\"0 0 512 512\"><path d=\"M0 256C0 114.6 114.6 0 256 0C397.4 0 512 114.6 512 256C512 397.4 397.4 512 256 512C114.6 512 0 397.4 0 256zM371.8 211.8C382.7 200.9 382.7 183.1 371.8 172.2C360.9 161.3 343.1 161.3 332.2 172.2L224 280.4L179.8 236.2C168.9 225.3 151.1 225.3 140.2 236.2C129.3 247.1 129.3 264.9 140.2 275.8L204.2 339.8C215.1 350.7 232.9 350.7 243.8 339.8L371.8 211.8z\"><\/path><\/svg><\/div><div class=\"uagb-ifb-title-wrap\"><h3 class=\"uagb-ifb-title\">Edtech<\/h3><\/div><p class=\"uagb-ifb-desc\">EdTech es la abreviatura de \u00abEducaci\u00f3n Tecnol\u00f3gica\u00bb y se refiere al uso de la tecnolog\u00eda en el \u00e1mbito educativo para mejorar los procesos de ense\u00f1anza y aprendizaje.<\/p><\/div><\/div>\n","protected":false},"excerpt":{"rendered":"","protected":false},"author":1,"featured_media":0,"parent":0,"menu_order":0,"comment_status":"closed","ping_status":"closed","template":"","meta":{"content-type":"","_uag_custom_page_level_css":"","footnotes":""},"class_list":["post-85","page","type-page","status-publish","hentry"],"uagb_featured_image_src":{"full":false,"thumbnail":false,"medium":false,"medium_large":false,"large":false,"1536x1536":false,"2048x2048":false},"uagb_author_info":{"display_name":"soporte@pixostudio.com","author_link":"https:\/\/pixostudio.com\/author\/soportepixostudio-com\/"},"uagb_comment_info":0,"uagb_excerpt":null,"_links":{"self":[{"href":"https:\/\/pixostudio.com\/index.php\/wp-json\/wp\/v2\/pages\/85","targetHints":{"allow":["GET"]}}],"collection":[{"href":"https:\/\/pixostudio.com\/index.php\/wp-json\/wp\/v2\/pages"}],"about":[{"href":"https:\/\/pixostudio.com\/index.php\/wp-json\/wp\/v2\/types\/page"}],"author":[{"embeddable":true,"href":"https:\/\/pixostudio.com\/index.php\/wp-json\/wp\/v2\/users\/1"}],"replies":[{"embeddable":true,"href":"https:\/\/pixostudio.com\/index.php\/wp-json\/wp\/v2\/comments?post=85"}],"version-history":[{"count":17,"href":"https:\/\/pixostudio.com\/index.php\/wp-json\/wp\/v2\/pages\/85\/revisions"}],"predecessor-version":[{"id":290,"href":"https:\/\/pixostudio.com\/index.php\/wp-json\/wp\/v2\/pages\/85\/revisions\/290"}],"wp:attachment":[{"href":"https:\/\/pixostudio.com\/index.php\/wp-json\/wp\/v2\/media?parent=85"}],"curies":[{"name":"wp","href":"https:\/\/api.w.org\/{rel}","templated":true}]}}